{"id":1185,"date":"2016-02-18T18:10:50","date_gmt":"2016-02-18T17:10:50","guid":{"rendered":"http:\/\/extenssolucions.com\/blog\/politica-de-cookies\/"},"modified":"2016-02-18T18:20:39","modified_gmt":"2016-02-18T17:20:39","slug":"politica-de-cookies","status":"publish","type":"page","link":"https:\/\/www.extens.info\/blog\/politica-de-cookies\/","title":{"rendered":"Pol\u00edtica de cookies"},"content":{"rendered":"<p>Feim \u00fas de cookies per a facilitar l&#8217;\u00fas de la p\u00e0gina web. Les cookies s\u00f3n petits fitxers<br \/>\nde text que el seu navegador emmagatzema en el disco dur del seu ordinador i que s\u00f3n necessaris per a<br \/>\nutilitzar la nostra p\u00e0gina web. Les usem per a entendre millor la manera en la que s&#8217;usa la p\u00e0gina web i d&#8217;aquesta manera poder millorar conseq\u00fcentment el proc\u00e9s de navegaci\u00f3. Les cookies s\u00f3n el referent que ens indica, per exemple, si una p\u00e0gina ja ha sigut visitada anteriorment, o si la seva \u00e9s una visita nova o recurrent. Les cookies que utilitzem no emmagatzemen cap dada personal, ni cap tipus d&#8217;informaci\u00f3 que el pugui identificar. En cas de no voler rebre cookies, per favor configuri el seu navegador d&#8217;Internet per a que les elimini del disc dur del seu<br \/>\nordinador, les bloquegi o li avisi en cas d&#8217;instal\u00b7larse.<\/p>\n","protected":false},"excerpt":{"rendered":"<p>Feim \u00fas de cookies per a facilitar l&#8217;\u00fas de la p\u00e0gina web. Les cookies s\u00f3n petits fitxers de text que el seu navegador emmagatzema en el disco dur del seu ordinador i que s\u00f3n necessaris per a utilitzar la nostra p\u00e0gina web. Les usem per a entendre millor la manera en la que s&#8217;usa la [&hellip;]<\/p>\n","protected":false},"author":1,"featured_media":0,"parent":0,"menu_order":0,"comment_status":"closed","ping_status":"closed","template":"","meta":{"footnotes":""},"class_list":["post-1185","page","type-page","status-publish","hentry"],"_links":{"self":[{"href":"https:\/\/www.extens.info\/blog\/wp-json\/wp\/v2\/pages\/1185","targetHints":{"allow":["GET"]}}],"collection":[{"href":"https:\/\/www.extens.info\/blog\/wp-json\/wp\/v2\/pages"}],"about":[{"href":"https:\/\/www.extens.info\/blog\/wp-json\/wp\/v2\/types\/page"}],"author":[{"embeddable":true,"href":"https:\/\/www.extens.info\/blog\/wp-json\/wp\/v2\/users\/1"}],"replies":[{"embeddable":true,"href":"https:\/\/www.extens.info\/blog\/wp-json\/wp\/v2\/comments?post=1185"}],"version-history":[{"count":2,"href":"https:\/\/www.extens.info\/blog\/wp-json\/wp\/v2\/pages\/1185\/revisions"}],"predecessor-version":[{"id":1187,"href":"https:\/\/www.extens.info\/blog\/wp-json\/wp\/v2\/pages\/1185\/revisions\/1187"}],"wp:attachment":[{"href":"https:\/\/www.extens.info\/blog\/wp-json\/wp\/v2\/media?parent=1185"}],"curies":[{"name":"wp","href":"https:\/\/api.w.org\/{rel}","templated":true}]}}